{"id":580,"date":"2024-02-12T16:13:58","date_gmt":"2024-02-12T15:13:58","guid":{"rendered":"https:\/\/arquiforma.com\/contacto\/"},"modified":"2025-02-25T14:01:40","modified_gmt":"2025-02-25T13:01:40","slug":"contact","status":"publish","type":"page","link":"https:\/\/arquiforma.com\/en\/contact\/","title":{"rendered":"Contact"},"content":{"rendered":"\t\t<div data-elementor-type=\"wp-page\" data-elementor-id=\"580\" class=\"elementor elementor-580 elementor-86\">\n\t\t\t\t<div class=\"elementor-element elementor-element-620e84e5 e-flex e-con-boxed e-con e-parent\" data-id=\"620e84e5\" data-element_type=\"container\" data-e-type=\"container\">\n\t\t\t\t\t<div class=\"e-con-inner\">\n\t\t\t\t<div class=\"elementor-element elementor-element-76b6ab4b elementor-widget elementor-widget-spacer\" data-id=\"76b6ab4b\" data-element_type=\"widget\" data-e-type=\"widget\" data-widget_type=\"spacer.default\">\n\t\t\t\t<div class=\"elementor-widget-container\">\n\t\t\t\t\t\t\t<div class=\"elementor-spacer\">\n\t\t\t<div class=\"elementor-spacer-inner\"><\/div>\n\t\t<\/div>\n\t\t\t\t\t\t<\/div>\n\t\t\t\t<\/div>\n\t\t\t\t\t<\/div>\n\t\t\t\t<\/div>\n\t\t\t\t<section class=\"elementor-section elementor-top-section elementor-element elementor-element-1c02eb2 elementor-full-width content-max-width light-section inherit-header-color elementor-section-height-default elementor-section-height-default\" data-id=\"1c02eb2\" data-element_type=\"section\" data-e-type=\"section\">\n\t\t\t\t\t\t<div class=\"elementor-container elementor-column-gap-no\">\n\t\t\t\t\t<div class=\"elementor-column elementor-col-50 elementor-top-column elementor-element elementor-element-290e69db\" data-id=\"290e69db\" data-element_type=\"column\" data-e-type=\"column\">\n\t\t\t<div class=\"elementor-widget-wrap elementor-element-populated\">\n\t\t\t\t\t\t<div class=\"elementor-element elementor-element-5dd980b text-align-left elementor-widget elementor-widget-harington_heading\" data-id=\"5dd980b\" data-element_type=\"widget\" data-e-type=\"widget\" data-widget_type=\"harington_heading.default\">\n\t\t\t\t<div class=\"elementor-widget-container\">\n\t\t\t\t\t<h3 class=\"has-mask-fill no-margins\">Let's talk<\/h3>\t\t\t\t<\/div>\n\t\t\t\t<\/div>\n\t\t\t\t<div class=\"elementor-element elementor-element-279f4e4d text-align-left elementor-widget elementor-widget-harington_heading\" data-id=\"279f4e4d\" data-element_type=\"widget\" data-e-type=\"widget\" data-widget_type=\"harington_heading.default\">\n\t\t\t\t<div class=\"elementor-widget-container\">\n\t\t\t\t\t<h6 class=\"no-margins\">CENTRO DE NEGOCIOS\nL'ALF\u00c1S DEL P\u00cd<\/h6>\t\t\t\t<\/div>\n\t\t\t\t<\/div>\n\t\t\t\t<div class=\"elementor-element elementor-element-70fab427 text-align-left elementor-widget-mobile__width-initial elementor-widget elementor-widget-harington_heading\" data-id=\"70fab427\" data-element_type=\"widget\" data-e-type=\"widget\" data-widget_type=\"harington_heading.default\">\n\t\t\t\t<div class=\"elementor-widget-container\">\n\t\t\t\t\t<h6 class=\"no-margins\">Calle Gabriel Mir\u00f3 6\nL'Alfas del Pi<\/h6>\t\t\t\t<\/div>\n\t\t\t\t<\/div>\n\t\t\t\t<div class=\"elementor-element elementor-element-2d0bf3af text-align-left elementor-widget elementor-widget-harington_heading\" data-id=\"2d0bf3af\" data-element_type=\"widget\" data-e-type=\"widget\" data-widget_type=\"harington_heading.default\">\n\t\t\t\t<div class=\"elementor-widget-container\">\n\t\t\t\t\t<h6 class=\"no-margins\">Alicante - \nSPAIN <\/h6>\t\t\t\t<\/div>\n\t\t\t\t<\/div>\n\t\t\t\t<div class=\"elementor-element elementor-element-20302d0f text-align-left elementor-widget elementor-widget-harington_heading\" data-id=\"20302d0f\" data-element_type=\"widget\" data-e-type=\"widget\" data-widget_type=\"harington_heading.default\">\n\t\t\t\t<div class=\"elementor-widget-container\">\n\t\t\t\t\t<h6 class=\"no-margins\">Phone: 965 88 89 11\n<\/h6>\t\t\t\t<\/div>\n\t\t\t\t<\/div>\n\t\t\t\t<div class=\"elementor-element elementor-element-701c775a text-align-left elementor-widget elementor-widget-harington_heading\" data-id=\"701c775a\" data-element_type=\"widget\" data-e-type=\"widget\" data-widget_type=\"harington_heading.default\">\n\t\t\t\t<div class=\"elementor-widget-container\">\n\t\t\t\t\t<h6 class=\"no-margins\">Fax: 96 681 41 57\n<\/h6>\t\t\t\t<\/div>\n\t\t\t\t<\/div>\n\t\t\t\t<div class=\"elementor-element elementor-element-131aa3a7 text-align-left elementor-widget elementor-widget-harington_heading\" data-id=\"131aa3a7\" data-element_type=\"widget\" data-e-type=\"widget\" data-widget_type=\"harington_heading.default\">\n\t\t\t\t<div class=\"elementor-widget-container\">\n\t\t\t\t\t<h6 class=\"no-margins\">\nmarketing@arquiforma.com <\/h6>\t\t\t\t<\/div>\n\t\t\t\t<\/div>\n\t\t\t\t\t<\/div>\n\t\t<\/div>\n\t\t\t\t<div class=\"elementor-column elementor-col-50 elementor-top-column elementor-element elementor-element-7dd3dca5\" data-id=\"7dd3dca5\" data-element_type=\"column\" data-e-type=\"column\">\n\t\t\t<div class=\"elementor-widget-wrap elementor-element-populated\">\n\t\t\t\t\t\t<div class=\"elementor-element elementor-element-e705172 elementor-widget elementor-widget-shortcode\" data-id=\"e705172\" data-element_type=\"widget\" data-e-type=\"widget\" data-widget_type=\"shortcode.default\">\n\t\t\t\t<div class=\"elementor-widget-container\">\n\t\t\t\t\t\t\t<div class=\"elementor-shortcode\">\n<div class=\"wpcf7 no-js\" id=\"wpcf7-f590-o1\" lang=\"en-US\" dir=\"ltr\" data-wpcf7-id=\"590\">\n<div class=\"screen-reader-response\"><p role=\"status\" aria-live=\"polite\" aria-atomic=\"true\"><\/p> <ul><\/ul><\/div>\n<form action=\"\/en\/wp-json\/wp\/v2\/pages\/580#wpcf7-f590-o1\" method=\"post\" class=\"wpcf7-form init\" aria-label=\"Contact form\" novalidate=\"novalidate\" data-status=\"init\">\n<fieldset class=\"hidden-fields-container\"><input type=\"hidden\" name=\"_wpcf7\" value=\"590\" \/><input type=\"hidden\" name=\"_wpcf7_version\" value=\"6.1.5\" \/><input type=\"hidden\" name=\"_wpcf7_locale\" value=\"en_US\" \/><input type=\"hidden\" name=\"_wpcf7_unit_tag\" value=\"wpcf7-f590-o1\" \/><input type=\"hidden\" name=\"_wpcf7_container_post\" value=\"0\" \/><input type=\"hidden\" name=\"_wpcf7_posted_data_hash\" value=\"\" \/>\n<\/fieldset>\n<div id=\"contact-formular\" class=\"disable-drag\">\n\t<div class=\"name-box has-animation\">\n\t\t<p><span class=\"wpcf7-form-control-wrap\" data-name=\"your-name\"><input size=\"40\" maxlength=\"400\" class=\"wpcf7-form-control wpcf7-text wpcf7-validates-as-required\" aria-required=\"true\" aria-invalid=\"false\" placeholder=\"Name\" value=\"\" type=\"text\" name=\"your-name\" \/><\/span>\n\t\t<\/p>\n\t<\/div>\n\t<div class=\"email-box has-animation\">\n\t\t<p><span class=\"wpcf7-form-control-wrap\" data-name=\"your-email\"><input size=\"40\" maxlength=\"400\" class=\"wpcf7-form-control wpcf7-email wpcf7-validates-as-required wpcf7-text wpcf7-validates-as-email\" aria-required=\"true\" aria-invalid=\"false\" placeholder=\"E-mail\" value=\"\" type=\"email\" name=\"your-email\" \/><\/span>\n\t\t<\/p>\n\t<\/div>\n\t<div class=\"message-box has-animation\">\n\t\t<p><span class=\"wpcf7-form-control-wrap\" data-name=\"your-message\"><textarea cols=\"40\" rows=\"10\" maxlength=\"2000\" class=\"wpcf7-form-control wpcf7-textarea wpcf7-validates-as-required\" aria-required=\"true\" aria-invalid=\"false\" placeholder=\"Message\" name=\"your-message\"><\/textarea><\/span>\n\t\t<\/p>\n\t<\/div>\n<hr \/>\n\t<div class=\"button-box has-animation\" data-delay=\"100\">\n\t\t<div class=\"clapat-button-wrap parallax-wrap hide-ball\">\n\t\t\t<div class=\"clapat-button parallax-element\">\n\t\t\t\t<div class=\"button-border rounded parallax-element-second\">\n\t\t\t\t\t<p><input class=\"wpcf7-form-control wpcf7-submit has-spinner\" type=\"submit\" value=\"Send\" \/>\n\t\t\t\t\t<\/p>\n\t\t\t\t<\/div>\n\t\t\t<\/div>\n\t\t<\/div>\n\t<\/div>\n<\/div><div class=\"wpcf7-response-output\" aria-hidden=\"true\"><\/div>\n<\/form>\n<\/div>\n<\/div>\n\t\t\t\t\t\t<\/div>\n\t\t\t\t<\/div>\n\t\t\t\t\t<\/div>\n\t\t<\/div>\n\t\t\t\t\t<\/div>\n\t\t<\/section>\n\t\t\t\t<section class=\"elementor-section elementor-top-section elementor-element elementor-element-7ff6f3e0 elementor-full-width content-max-width light-section inherit-header-color elementor-section-height-default elementor-section-height-default\" data-id=\"7ff6f3e0\" data-element_type=\"section\" data-e-type=\"section\" data-settings=\"{&quot;background_background&quot;:&quot;classic&quot;}\">\n\t\t\t\t\t\t<div class=\"elementor-container elementor-column-gap-no\">\n\t\t\t\t\t<div class=\"elementor-column elementor-col-100 elementor-top-column elementor-element elementor-element-ae9e998\" data-id=\"ae9e998\" data-element_type=\"column\" data-e-type=\"column\">\n\t\t\t<div class=\"elementor-widget-wrap elementor-element-populated\">\n\t\t\t\t\t\t<div class=\"elementor-element elementor-element-13bf044b elementor-widget elementor-widget-spacer\" data-id=\"13bf044b\" data-element_type=\"widget\" data-e-type=\"widget\" data-widget_type=\"spacer.default\">\n\t\t\t\t<div class=\"elementor-widget-container\">\n\t\t\t\t\t\t\t<div class=\"elementor-spacer\">\n\t\t\t<div class=\"elementor-spacer-inner\"><\/div>\n\t\t<\/div>\n\t\t\t\t\t\t<\/div>\n\t\t\t\t<\/div>\n\t\t\t\t<div class=\"elementor-element elementor-element-18b3cb8b elementor-widget elementor-widget-image\" data-id=\"18b3cb8b\" data-element_type=\"widget\" data-e-type=\"widget\" data-widget_type=\"image.default\">\n\t\t\t\t<div class=\"elementor-widget-container\">\n\t\t\t\t\t\t\t\t\t\t\t\t\t\t\t\t<a href=\"https:\/\/www.google.com\/maps\/dir\/\/Arquiforma+Carrer+Gabriel+Mir%C3%B3,+n%C2%BA6,+Local+5+03580+l&#039;Alf%C3%A0s+del+Pi+Alicante\/@38.5785804,-0.1007168,12z\/data=!4m5!4m4!1m0!1m2!1m1!1s0xd62038e49f9fea7:0xed66a94012cf87a4\" target=\"_blank\" rel=\"noopener\">\n\t\t\t\t\t\t\t<img fetchpriority=\"high\" decoding=\"async\" width=\"1599\" height=\"500\" src=\"https:\/\/arquiforma.com\/wp-content\/uploads\/2024\/02\/mapaarquiforma.jpg\" class=\"attachment-full size-full wp-image-461\" alt=\"\" srcset=\"https:\/\/arquiforma.com\/wp-content\/uploads\/2024\/02\/mapaarquiforma.jpg 1599w, https:\/\/arquiforma.com\/wp-content\/uploads\/2024\/02\/mapaarquiforma-300x94.jpg 300w, https:\/\/arquiforma.com\/wp-content\/uploads\/2024\/02\/mapaarquiforma-1024x320.jpg 1024w, https:\/\/arquiforma.com\/wp-content\/uploads\/2024\/02\/mapaarquiforma-768x240.jpg 768w, https:\/\/arquiforma.com\/wp-content\/uploads\/2024\/02\/mapaarquiforma-1536x480.jpg 1536w\" sizes=\"(max-width: 1599px) 100vw, 1599px\" \/>\t\t\t\t\t\t\t\t<\/a>\n\t\t\t\t\t\t\t\t\t\t\t\t\t\t\t<\/div>\n\t\t\t\t<\/div>\n\t\t\t\t<div class=\"elementor-element elementor-element-7c247945 elementor-widget elementor-widget-spacer\" data-id=\"7c247945\" data-element_type=\"widget\" data-e-type=\"widget\" data-widget_type=\"spacer.default\">\n\t\t\t\t<div class=\"elementor-widget-container\">\n\t\t\t\t\t\t\t<div class=\"elementor-spacer\">\n\t\t\t<div class=\"elementor-spacer-inner\"><\/div>\n\t\t<\/div>\n\t\t\t\t\t\t<\/div>\n\t\t\t\t<\/div>\n\t\t\t\t\t<\/div>\n\t\t<\/div>\n\t\t\t\t\t<\/div>\n\t\t<\/section>\n\t\t\t\t<\/div>\n\t\t","protected":false},"excerpt":{"rendered":"<p>Let&#8217;s talk CENTRO DE NEGOCIOS L&#8217;ALF\u00c1S DEL P\u00cd Calle Gabriel Mir\u00f3 6 L&#8217;Alfas del Pi Alicante &#8211; SPAIN Phone: 965 88 89 11 Fax: 96 681 41 57 marketing@arquiforma.com<\/p>\n","protected":false},"author":2,"featured_media":0,"parent":0,"menu_order":0,"comment_status":"closed","ping_status":"closed","template":"","meta":{"footnotes":""},"class_list":["post-580","page","type-page","status-publish","hentry"],"_links":{"self":[{"href":"https:\/\/arquiforma.com\/en\/wp-json\/wp\/v2\/pages\/580","targetHints":{"allow":["GET"]}}],"collection":[{"href":"https:\/\/arquiforma.com\/en\/wp-json\/wp\/v2\/pages"}],"about":[{"href":"https:\/\/arquiforma.com\/en\/wp-json\/wp\/v2\/types\/page"}],"author":[{"embeddable":true,"href":"https:\/\/arquiforma.com\/en\/wp-json\/wp\/v2\/users\/2"}],"replies":[{"embeddable":true,"href":"https:\/\/arquiforma.com\/en\/wp-json\/wp\/v2\/comments?post=580"}],"version-history":[{"count":5,"href":"https:\/\/arquiforma.com\/en\/wp-json\/wp\/v2\/pages\/580\/revisions"}],"predecessor-version":[{"id":594,"href":"https:\/\/arquiforma.com\/en\/wp-json\/wp\/v2\/pages\/580\/revisions\/594"}],"wp:attachment":[{"href":"https:\/\/arquiforma.com\/en\/wp-json\/wp\/v2\/media?parent=580"}],"curies":[{"name":"wp","href":"https:\/\/api.w.org\/{rel}","templated":true}]}}